{"id":2113,"date":"2020-01-22T11:31:10","date_gmt":"2020-01-22T10:31:10","guid":{"rendered":"https:\/\/www.molidelariera.com\/la-casa\/"},"modified":"2024-02-14T13:20:27","modified_gmt":"2024-02-14T12:20:27","slug":"la-casa","status":"publish","type":"page","link":"https:\/\/www.molidelariera.com\/es\/la-casa\/","title":{"rendered":"La casa"},"content":{"rendered":"","protected":false},"excerpt":{"rendered":"","protected":false},"author":1,"featured_media":0,"parent":0,"menu_order":2,"comment_status":"closed","ping_status":"closed","template":"","meta":{"footnotes":""},"class_list":["post-2113","page","type-page","status-publish","hentry"],"yoast_head":"<!-- This site is optimized with the Yoast SEO plugin v26.2 - https:\/\/yoast.com\/wordpress\/plugins\/seo\/ -->\n<title>La casa - Mol\u00ed de la Riera<\/title>\n<meta name=\"robots\" content=\"index, follow, max-snippet:-1, max-image-preview:large, max-video-preview:-1\" \/>\n<link rel=\"canonical\" href=\"https:\/\/www.molidelariera.com\/es\/la-casa\/\" \/>\n<meta property=\"og:locale\" content=\"es_ES\" \/>\n<meta property=\"og:type\" content=\"article\" \/>\n<meta property=\"og:title\" content=\"La casa - Mol\u00ed de la Riera\" \/>\n<meta property=\"og:url\" content=\"https:\/\/www.molidelariera.com\/es\/la-casa\/\" \/>\n<meta property=\"og:site_name\" content=\"Mol\u00ed de la Riera\" \/>\n<meta property=\"article:publisher\" content=\"https:\/\/www.facebook.com\/Mol%c3%ad-de-la-Riera-116580701800509\" \/>\n<meta property=\"article:modified_time\" content=\"2024-02-14T12:20:27+00:00\" \/>\n<meta name=\"twitter:card\" content=\"summary_large_image\" \/>\n<script type=\"application\/ld+json\" class=\"yoast-schema-graph\">{\"@context\":\"https:\/\/schema.org\",\"@graph\":[{\"@type\":\"WebPage\",\"@id\":\"https:\/\/www.molidelariera.com\/es\/la-casa\/\",\"url\":\"https:\/\/www.molidelariera.com\/es\/la-casa\/\",\"name\":\"La casa - Mol\u00ed de la Riera\",\"isPartOf\":{\"@id\":\"https:\/\/www.molidelariera.com\/#website\"},\"datePublished\":\"2020-01-22T10:31:10+00:00\",\"dateModified\":\"2024-02-14T12:20:27+00:00\",\"breadcrumb\":{\"@id\":\"https:\/\/www.molidelariera.com\/es\/la-casa\/#breadcrumb\"},\"inLanguage\":\"es\",\"potentialAction\":[{\"@type\":\"ReadAction\",\"target\":[\"https:\/\/www.molidelariera.com\/es\/la-casa\/\"]}]},{\"@type\":\"BreadcrumbList\",\"@id\":\"https:\/\/www.molidelariera.com\/es\/la-casa\/#breadcrumb\",\"itemListElement\":[{\"@type\":\"ListItem\",\"position\":1,\"name\":\"Inici\",\"item\":\"https:\/\/www.molidelariera.com\/es\/\"},{\"@type\":\"ListItem\",\"position\":2,\"name\":\"La casa\"}]},{\"@type\":\"WebSite\",\"@id\":\"https:\/\/www.molidelariera.com\/#website\",\"url\":\"https:\/\/www.molidelariera.com\/\",\"name\":\"Mol\u00ed de la Riera\",\"description\":\"Casa de Col\u00f2nies Sant Pere de Torell\u00f3 (Osona)\",\"potentialAction\":[{\"@type\":\"SearchAction\",\"target\":{\"@type\":\"EntryPoint\",\"urlTemplate\":\"https:\/\/www.molidelariera.com\/?s={search_term_string}\"},\"query-input\":{\"@type\":\"PropertyValueSpecification\",\"valueRequired\":true,\"valueName\":\"search_term_string\"}}],\"inLanguage\":\"es\"}]}<\/script>\n<!-- \/ Yoast SEO plugin. -->","yoast_head_json":{"title":"La casa - Mol\u00ed de la Riera","robots":{"index":"index","follow":"follow","max-snippet":"max-snippet:-1","max-image-preview":"max-image-preview:large","max-video-preview":"max-video-preview:-1"},"canonical":"https:\/\/www.molidelariera.com\/es\/la-casa\/","og_locale":"es_ES","og_type":"article","og_title":"La casa - Mol\u00ed de la Riera","og_url":"https:\/\/www.molidelariera.com\/es\/la-casa\/","og_site_name":"Mol\u00ed de la Riera","article_publisher":"https:\/\/www.facebook.com\/Mol%c3%ad-de-la-Riera-116580701800509","article_modified_time":"2024-02-14T12:20:27+00:00","twitter_card":"summary_large_image","schema":{"@context":"https:\/\/schema.org","@graph":[{"@type":"WebPage","@id":"https:\/\/www.molidelariera.com\/es\/la-casa\/","url":"https:\/\/www.molidelariera.com\/es\/la-casa\/","name":"La casa - Mol\u00ed de la Riera","isPartOf":{"@id":"https:\/\/www.molidelariera.com\/#website"},"datePublished":"2020-01-22T10:31:10+00:00","dateModified":"2024-02-14T12:20:27+00:00","breadcrumb":{"@id":"https:\/\/www.molidelariera.com\/es\/la-casa\/#breadcrumb"},"inLanguage":"es","potentialAction":[{"@type":"ReadAction","target":["https:\/\/www.molidelariera.com\/es\/la-casa\/"]}]},{"@type":"BreadcrumbList","@id":"https:\/\/www.molidelariera.com\/es\/la-casa\/#breadcrumb","itemListElement":[{"@type":"ListItem","position":1,"name":"Inici","item":"https:\/\/www.molidelariera.com\/es\/"},{"@type":"ListItem","position":2,"name":"La casa"}]},{"@type":"WebSite","@id":"https:\/\/www.molidelariera.com\/#website","url":"https:\/\/www.molidelariera.com\/","name":"Mol\u00ed de la Riera","description":"Casa de Col\u00f2nies Sant Pere de Torell\u00f3 (Osona)","potentialAction":[{"@type":"SearchAction","target":{"@type":"EntryPoint","urlTemplate":"https:\/\/www.molidelariera.com\/?s={search_term_string}"},"query-input":{"@type":"PropertyValueSpecification","valueRequired":true,"valueName":"search_term_string"}}],"inLanguage":"es"}]}},"_links":{"self":[{"href":"https:\/\/www.molidelariera.com\/es\/wp-json\/wp\/v2\/pages\/2113","targetHints":{"allow":["GET"]}}],"collection":[{"href":"https:\/\/www.molidelariera.com\/es\/wp-json\/wp\/v2\/pages"}],"about":[{"href":"https:\/\/www.molidelariera.com\/es\/wp-json\/wp\/v2\/types\/page"}],"author":[{"embeddable":true,"href":"https:\/\/www.molidelariera.com\/es\/wp-json\/wp\/v2\/users\/1"}],"replies":[{"embeddable":true,"href":"https:\/\/www.molidelariera.com\/es\/wp-json\/wp\/v2\/comments?post=2113"}],"version-history":[{"count":5,"href":"https:\/\/www.molidelariera.com\/es\/wp-json\/wp\/v2\/pages\/2113\/revisions"}],"predecessor-version":[{"id":3472,"href":"https:\/\/www.molidelariera.com\/es\/wp-json\/wp\/v2\/pages\/2113\/revisions\/3472"}],"wp:attachment":[{"href":"https:\/\/www.molidelariera.com\/es\/wp-json\/wp\/v2\/media?parent=2113"}],"curies":[{"name":"wp","href":"https:\/\/api.w.org\/{rel}","templated":true}]}}